{"id":14,"date":"2020-07-17T17:12:34","date_gmt":"2020-07-17T17:12:34","guid":{"rendered":"http:\/\/magrarock.com\/?page_id=14"},"modified":"2020-08-13T12:48:44","modified_gmt":"2020-08-13T12:48:44","slug":"our-factory","status":"publish","type":"page","link":"https:\/\/magrarock.com\/fr\/our-factory\/","title":{"rendered":"Notre usine"},"content":{"rendered":"<div data-elementor-type=\"wp-page\" data-elementor-id=\"14\" class=\"elementor elementor-14\">\n\t\t\t\t\t\t\t\t\t<section class=\"elementor-section elementor-top-section elementor-element elementor-element-eb66372 elementor-section-boxed elementor-section-height-default elementor-section-height-default\" data-id=\"eb66372\" data-element_type=\"section\" data-settings=\"{&quot;background_background&quot;:&quot;classic&quot;}\">\n\t\t\t\t\t\t\t<div class=\"elementor-background-overlay\"><\/div>\n\t\t\t\t\t\t\t<div class=\"elementor-container elementor-column-gap-default\">\n\t\t\t\t\t<div class=\"elementor-column elementor-col-100 elementor-top-column elementor-element elementor-element-67f8752\" data-id=\"67f8752\" data-element_type=\"column\">\n\t\t\t<div class=\"elementor-widget-wrap elementor-element-populated\">\n\t\t\t\t\t\t\t\t<div class=\"elementor-element elementor-element-cbfa3a8 elementor-widget elementor-widget-heading\" data-id=\"cbfa3a8\" data-element_type=\"widget\" data-widget_type=\"heading.default\">\n\t\t\t\t<div class=\"elementor-widget-container\">\n\t\t\t<style>\/*! elementor - v3.7.4 - 31-08-2022 *\/\n.elementor-heading-title{padding:0;margin:0;line-height:1}.elementor-widget-heading .elementor-heading-title[class*=elementor-size-]>a{color:inherit;font-size:inherit;line-height:inherit}.elementor-widget-heading .elementor-heading-title.elementor-size-small{font-size:15px}.elementor-widget-heading .elementor-heading-title.elementor-size-medium{font-size:19px}.elementor-widget-heading .elementor-heading-title.elementor-size-large{font-size:29px}.elementor-widget-heading .elementor-heading-title.elementor-size-xl{font-size:39px}.elementor-widget-heading .elementor-heading-title.elementor-size-xxl{font-size:59px}<\/style><h2 class=\"elementor-heading-title elementor-size-default\">Marbre<\/h2>\t\t<\/div>\n\t\t\t\t<\/div>\n\t\t\t\t\t<\/div>\n\t\t<\/div>\n\t\t\t\t\t\t\t<\/div>\n\t\t<\/section>\n\t\t\t\t<section class=\"elementor-section elementor-top-section elementor-element elementor-element-7cb2e78 elementor-section-boxed elementor-section-height-default elementor-section-height-default\" data-id=\"7cb2e78\" data-element_type=\"section\">\n\t\t\t\t\t\t<div class=\"elementor-container elementor-column-gap-default\">\n\t\t\t\t\t<div class=\"elementor-column elementor-col-33 elementor-top-column elementor-element elementor-element-e93a5e7\" data-id=\"e93a5e7\" data-element_type=\"column\">\n\t\t\t<div class=\"elementor-widget-wrap elementor-element-populated\">\n\t\t\t\t\t\t\t\t<section class=\"elementor-section elementor-inner-section elementor-element elementor-element-8d13802 elementor-section-boxed elementor-section-height-default elementor-section-height-default\" data-id=\"8d13802\" data-element_type=\"section\">\n\t\t\t\t\t\t<div class=\"elementor-container elementor-column-gap-default\">\n\t\t\t\t\t<div class=\"elementor-column elementor-col-100 elementor-inner-column elementor-element elementor-element-e1f93ba\" data-id=\"e1f93ba\" data-element_type=\"column\">\n\t\t\t<div class=\"elementor-widget-wrap\">\n\t\t\t\t\t\t\t\t\t<\/div>\n\t\t<\/div>\n\t\t\t\t\t\t\t<\/div>\n\t\t<\/section>\n\t\t\t\t\t<\/div>\n\t\t<\/div>\n\t\t\t\t<div class=\"elementor-column elementor-col-66 elementor-top-column elementor-element elementor-element-3a8ed95\" data-id=\"3a8ed95\" data-element_type=\"column\">\n\t\t\t<div class=\"elementor-widget-wrap elementor-element-populated\">\n\t\t\t\t\t\t\t\t<section class=\"elementor-section elementor-inner-section elementor-element elementor-element-0a474a4 elementor-section-boxed elementor-section-height-default elementor-section-height-default\" data-id=\"0a474a4\" data-element_type=\"section\">\n\t\t\t\t\t\t<div class=\"elementor-container elementor-column-gap-default\">\n\t\t\t\t\t<div class=\"elementor-column elementor-col-100 elementor-inner-column elementor-element elementor-element-a95529d\" data-id=\"a95529d\" data-element_type=\"column\">\n\t\t\t<div class=\"elementor-widget-wrap elementor-element-populated\">\n\t\t\t\t\t\t\t\t<div class=\"elementor-element elementor-element-3599b6e elementor-widget elementor-widget-text-editor\" data-id=\"3599b6e\" data-element_type=\"widget\" data-widget_type=\"text-editor.default\">\n\t\t\t\t<div class=\"elementor-widget-container\">\n\t\t\t<style>\/*! elementor - v3.7.4 - 31-08-2022 *\/\n.elementor-widget-text-editor.elementor-drop-cap-view-stacked .elementor-drop-cap{background-color:#818a91;color:#fff}.elementor-widget-text-editor.elementor-drop-cap-view-framed .elementor-drop-cap{color:#818a91;border:3px solid;background-color:transparent}.elementor-widget-text-editor:not(.elementor-drop-cap-view-default) .elementor-drop-cap{margin-top:8px}.elementor-widget-text-editor:not(.elementor-drop-cap-view-default) .elementor-drop-cap-letter{width:1em;height:1em}.elementor-widget-text-editor .elementor-drop-cap{float:left;text-align:center;line-height:1;font-size:50px}.elementor-widget-text-editor .elementor-drop-cap-letter{display:inline-block}<\/style>\t\t\t\t<p><strong>Machines et outils de pointe<\/strong><\/p><p>Nous disposons d'une usine moderne de traitement des pierres naturelles, \u00e9quip\u00e9e de machines et d'outils informatis\u00e9s \u00e0 la pointe de la technologie. Nous pouvons concevoir et fabriquer tous types de produits en pierre dans notre usine.<\/p><p>Nous disposons de machines CNC enti\u00e8rement automatiques. Ces machines CNC tr\u00e8s avanc\u00e9es sont con\u00e7ues pour les fonctions de per\u00e7age, de fraisage, de coupe et de rectification. Nous pouvons entreprendre un traitement profond pour fabriquer divers produits en pierre tels que des comptoirs de cuisine, des comptoirs de salle de bain, des comptoirs d'\u00eelot, des comptoirs de bar, des plateaux de table basse, des tables d'accueil selon vos sp\u00e9cifications.<\/p><p>Nous sommes \u00e9galement \u00e9quip\u00e9s de machines \u00e0 profiler les bords incurv\u00e9s, qui nous permettent de mouler les pierres \u00e0 n'importe quelle forme, de lisser les bords et de faire un travail de pr\u00e9cision pour fabriquer n'importe quel produit en pierre avec une finition fine.<\/p><p>Des machines de pointe et des outils perfectionn\u00e9s nous permettent de r\u00e9aliser des travaux de pierre de pr\u00e9cision selon les normes les plus \u00e9lev\u00e9es.<\/p><p><strong>Notre parc \u00e0 bestiaux<\/strong><\/p><p>Nous disposons d'une vaste gamme de produits de haute qualit\u00e9 en marbre, granit, pierre calcaire, quartz et ardoise de diff\u00e9rentes couleurs dans notre cour, qui proviennent des meilleures carri\u00e8res du monde entier, notamment d'Italie, du Portugal, d'Espagne, du Br\u00e9sil et de Turquie. Notre large stock de pierres naturelles, associ\u00e9 \u00e0 notre exp\u00e9rience et \u00e0 nos installations de production avanc\u00e9es, nous permet de produire et de fournir des produits en pierre de haute qualit\u00e9 \u00e0 des prix raisonnables.<\/p><p><strong>Notre salle d'exposition<\/strong><\/p><p>Nous exposons une grande vari\u00e9t\u00e9 d'\u00e9chantillons de marbre, de granit, d'ardoise et de pierre calcaire. Veuillez visiter notre salle d'exposition pour s\u00e9lectionner ce que vous voulez. Notre personnel, \u00e0 l'\u00e9coute des clients, vous aide \u00e0 visualiser, s\u00e9lectionner et commander les produits qui r\u00e9pondent \u00e0 vos besoins.<\/p>\t\t\t\t\t\t<\/div>\n\t\t\t\t<\/div>\n\t\t\t\t\t<\/div>\n\t\t<\/div>\n\t\t\t\t\t\t\t<\/div>\n\t\t<\/section>\n\t\t\t\t\t<\/div>\n\t\t<\/div>\n\t\t\t\t\t\t\t<\/div>\n\t\t<\/section>\n\t\t\t\t\t\t\t<\/div>","protected":false},"excerpt":{"rendered":"<p>Cutting-Edge Machines &amp; Tools We have a modern natural stone processing factory equipped with computerized, cutting-edge machines, and tools. We can design and manufacture all types of stone products in our factory. We have fully automatic CNC machines. These highly advanced CNC machines are designed for drilling, milling, cutting and grinding functions. We can undertake [&hellip;]<\/p>","protected":false},"author":1,"featured_media":0,"parent":0,"menu_order":0,"comment_status":"closed","ping_status":"closed","template":"elementor_header_footer","meta":[],"_links":{"self":[{"href":"https:\/\/magrarock.com\/fr\/wp-json\/wp\/v2\/pages\/14"}],"collection":[{"href":"https:\/\/magrarock.com\/fr\/wp-json\/wp\/v2\/pages"}],"about":[{"href":"https:\/\/magrarock.com\/fr\/wp-json\/wp\/v2\/types\/page"}],"author":[{"embeddable":true,"href":"https:\/\/magrarock.com\/fr\/wp-json\/wp\/v2\/users\/1"}],"replies":[{"embeddable":true,"href":"https:\/\/magrarock.com\/fr\/wp-json\/wp\/v2\/comments?post=14"}],"version-history":[{"count":11,"href":"https:\/\/magrarock.com\/fr\/wp-json\/wp\/v2\/pages\/14\/revisions"}],"predecessor-version":[{"id":393,"href":"https:\/\/magrarock.com\/fr\/wp-json\/wp\/v2\/pages\/14\/revisions\/393"}],"wp:attachment":[{"href":"https:\/\/magrarock.com\/fr\/wp-json\/wp\/v2\/media?parent=14"}],"curies":[{"name":"wp","href":"https:\/\/api.w.org\/{rel}","templated":true}]}}